{"id":4063,"date":"2024-05-31T07:59:12","date_gmt":"2024-05-31T07:59:12","guid":{"rendered":"https:\/\/nekretnina.bearcrew.me\/?page_id=4063"},"modified":"2026-01-22T20:06:19","modified_gmt":"2026-01-22T20:06:19","slug":"privacy-policy","status":"publish","type":"page","link":"https:\/\/nekretnina.me\/en\/politika-privatnosti\/","title":{"rendered":"Privacy Policy"},"content":{"rendered":"<div data-elementor-type=\"wp-page\" data-elementor-id=\"4063\" class=\"elementor elementor-4063\" data-elementor-post-type=\"page\">\n\t\t\t\t<div class=\"elementor-element elementor-element-a83dc84 e-flex e-con-boxed e-con e-parent\" data-id=\"a83dc84\" data-element_type=\"container\" data-e-type=\"container\">\n\t\t\t\t\t<div class=\"e-con-inner\">\n\t\t\t\t<div class=\"elementor-element elementor-element-e4b0a2a elementor-widget elementor-widget-heading\" data-id=\"e4b0a2a\" data-element_type=\"widget\" data-e-type=\"widget\" data-widget_type=\"heading.default\">\n\t\t\t\t\t<h1 class=\"elementor-heading-title elementor-size-default\">Privacy Policy<\/h1>\t\t\t\t<\/div>\n\t\t\t\t<div class=\"elementor-element elementor-element-f31a4be elementor-widget elementor-widget-text-editor\" data-id=\"f31a4be\" data-element_type=\"widget\" data-e-type=\"widget\" data-widget_type=\"text-editor.default\">\n\t\t\t\t\t\t\t\t\t<p>Welcome to nekretnina.me. Protecting your privacy and your data is extremely important to us. This Privacy Policy explains how we collect, use, and protect your information when you use our website.<\/p>\t\t\t\t\t\t\t\t<\/div>\n\t\t\t\t\t<\/div>\n\t\t\t\t<\/div>\n\t\t<div class=\"elementor-element elementor-element-278fd1d e-flex e-con-boxed e-con e-parent\" data-id=\"278fd1d\" data-element_type=\"container\" data-e-type=\"container\">\n\t\t\t\t\t<div class=\"e-con-inner\">\n\t\t\t\t<div class=\"elementor-element elementor-element-4c95eed elementor-widget elementor-widget-text-editor\" data-id=\"4c95eed\" data-element_type=\"widget\" data-e-type=\"widget\" data-widget_type=\"text-editor.default\">\n\t\t\t\t\t\t\t\t\t<h4 class=\"heading-3\">1. Information gathering<\/h4><p>We collect information that you voluntarily submit to us when you use our website. This includes:<\/p><ul role=\"list\"><li><strong>Personal information<\/strong>: First name, last name, email address, phone number, address, and other contact information.<\/li><li><strong>Real estate data<\/strong>: Information you enter in relation to properties you are advertising or searching for.<\/li><li><strong>Technical data<\/strong>: IP address, browser type, operating system, information about your visits to the site (such as the time and duration of the visit).<\/li><\/ul><h4>2. Use of information<\/h4><p>We use the collected information for:<\/p><ul role=\"list\"><li>Facilitating and improving the use of our site.<\/li><li>Communicating with you regarding your inquiries or listings.<\/li><li>Tailoring content and ads to your interests.<\/li><li>Analyzing and improving our services.<\/li><\/ul><h4>3. Information sharing<\/h4><p>We will not share your personal information with third parties except in the following cases:<\/p><ul role=\"list\"><li>When we have your express consent.<\/li><li>When necessary to provide the services you have requested (eg sharing information with real estate agents).<\/li><li>When legally required (e.g. at the request of competent authorities).<\/li><\/ul><h4>4. Cookies<\/h4><p>Our website uses cookies to collect information about your use of the site. Cookies help us improve your user experience, analyze site traffic, and tailor content to your interests. You can set your browser to reject cookies, but this may affect the functionality of the site.<\/p><h4>5. Security<\/h4><p>We take appropriate technical and organizational measures to protect your personal data from unauthorized access, alteration, disclosure or destruction. However, please note that no method of transmission over the Internet or method of electronic storage is 100% secure.<\/p><h4>6. Your rights<\/h4><p>You have the right to access, correct, or delete your personal data that we collect. You also have the right to object to the processing of your data or to request the restriction of processing. To exercise these rights, please contact us via email at info@nekretnina.me<\/p><p>\u200d<\/p><h4>7. Privacy Policy Changes<\/h4><p>We reserve the right to update this Privacy Policy at any time. All changes will be announced on this page, and significant changes will be highlighted.<\/p><h4>8. Contact<\/h4><p>If you have any questions or concerns about our Privacy Policy, please contact us at:<\/p><p><strong>Email<\/strong>: info@nekretnina.me<\/p><p>\u200d<\/p><p>Thank you for using nekretnina.me. We are committed to protecting your privacy.<\/p>\t\t\t\t\t\t\t\t<\/div>\n\t\t\t\t\t<\/div>\n\t\t\t\t<\/div>\n\t\t\t\t<\/div>","protected":false},"excerpt":{"rendered":"<p>Politika privatnosti Dobrodo\u0161li na nekretnina.me. Za\u0161tita va\u0161e privatnosti i va\u0161ih podataka je od izuzetne va\u017enosti za nas. Ova Politika privatnosti obja\u0161njava kako prikupljamo, koristimo, i \u0161titimo va\u0161e informacije kada koristite na\u0161u web stranicu. 1. Prikupljanje informacija Prikupljamo informacije koje nam dobrovoljno dostavite kada koristite na\u0161u web stranicu. Ovo uklju\u010duje: Li\u010dne informacije: Ime, prezime, email adresa, [&hellip;]<\/p>\n","protected":false},"author":8,"featured_media":0,"parent":0,"menu_order":131,"comment_status":"closed","ping_status":"closed","template":"","meta":{"_acf_changed":false,"footnotes":""},"class_list":["post-4063","page","type-page","status-publish","hentry"],"acf":[],"_links":{"self":[{"href":"https:\/\/nekretnina.me\/en\/wp-json\/wp\/v2\/pages\/4063","targetHints":{"allow":["GET"]}}],"collection":[{"href":"https:\/\/nekretnina.me\/en\/wp-json\/wp\/v2\/pages"}],"about":[{"href":"https:\/\/nekretnina.me\/en\/wp-json\/wp\/v2\/types\/page"}],"author":[{"embeddable":true,"href":"https:\/\/nekretnina.me\/en\/wp-json\/wp\/v2\/users\/8"}],"replies":[{"embeddable":true,"href":"https:\/\/nekretnina.me\/en\/wp-json\/wp\/v2\/comments?post=4063"}],"version-history":[{"count":1,"href":"https:\/\/nekretnina.me\/en\/wp-json\/wp\/v2\/pages\/4063\/revisions"}],"predecessor-version":[{"id":87225,"href":"https:\/\/nekretnina.me\/en\/wp-json\/wp\/v2\/pages\/4063\/revisions\/87225"}],"wp:attachment":[{"href":"https:\/\/nekretnina.me\/en\/wp-json\/wp\/v2\/media?parent=4063"}],"curies":[{"name":"wp","href":"https:\/\/api.w.org\/{rel}","templated":true}]}}