{"id":75132,"date":"2025-01-25T08:15:06","date_gmt":"2025-01-25T08:15:06","guid":{"rendered":"https:\/\/nekretnina.me\/?page_id=75132"},"modified":"2025-12-13T20:32:31","modified_gmt":"2025-12-13T20:32:31","slug":"boulevard","status":"publish","type":"page","link":"https:\/\/nekretnina.me\/en\/prodaja-nekretnina\/budva\/bulevar\/","title":{"rendered":"Boulevard"},"content":{"rendered":"\t\t<div data-elementor-type=\"wp-page\" data-elementor-id=\"75132\" class=\"elementor elementor-75132\" data-elementor-post-type=\"page\">\n\t\t\t\t<div class=\"elementor-element elementor-element-10e872e7 e-flex e-con-boxed e-con e-parent\" data-id=\"10e872e7\" data-element_type=\"container\" data-e-type=\"container\">\n\t\t\t\t\t<div class=\"e-con-inner\">\n\t\t\t\t<div class=\"elementor-element elementor-element-53b411f elementor-widget elementor-widget-breadcrumbs\" data-id=\"53b411f\" data-element_type=\"widget\" data-e-type=\"widget\" data-widget_type=\"breadcrumbs.default\">\n\t\t\t\t<div class=\"elementor-widget-container\">\n\t\t\t\t\t<nav aria-label=\"breadcrumbs\" class=\"rank-math-breadcrumb\"><p><span class=\"last\">Nekretnine Crna Gora<\/span><\/p><\/nav>\t\t\t\t<\/div>\n\t\t\t\t<\/div>\n\t\t\t\t<div class=\"elementor-element elementor-element-7d10cecb elementor-widget elementor-widget-image\" data-id=\"7d10cecb\" data-element_type=\"widget\" data-e-type=\"widget\" data-widget_type=\"image.default\">\n\t\t\t\t\t\t\t\t\t\t\t\t\t\t\t<img decoding=\"async\" width=\"800\" height=\"457\" src=\"https:\/\/nekretnina.me\/wp-content\/uploads\/2024\/06\/Prodaja-nekretnina-budva-1024x585.webp\" class=\"attachment-large size-large wp-image-21660\" alt=\"Prodaja nekretnina Vidikovac Budva\" srcset=\"https:\/\/nekretnina.me\/wp-content\/uploads\/2024\/06\/Prodaja-nekretnina-budva-1024x585.webp 1024w, https:\/\/nekretnina.me\/wp-content\/uploads\/2024\/06\/Prodaja-nekretnina-budva-300x171.webp 300w, https:\/\/nekretnina.me\/wp-content\/uploads\/2024\/06\/Prodaja-nekretnina-budva-768x439.webp 768w, https:\/\/nekretnina.me\/wp-content\/uploads\/2024\/06\/Prodaja-nekretnina-budva-1536x878.webp 1536w, https:\/\/nekretnina.me\/wp-content\/uploads\/2024\/06\/Prodaja-nekretnina-budva.webp 1792w\" sizes=\"(max-width: 800px) 100vw, 800px\" title=\"\">\t\t\t\t\t\t\t\t\t\t\t\t\t\t\t<\/div>\n\t\t\t\t<div class=\"elementor-element elementor-element-4c75e2c7 elementor-widget elementor-widget-heading\" data-id=\"4c75e2c7\" data-element_type=\"widget\" data-e-type=\"widget\" data-widget_type=\"heading.default\">\n\t\t\t\t\t<h1 class=\"elementor-heading-title elementor-size-default\">Prodaja nekretnina Bulevar<\/h1>\t\t\t\t<\/div>\n\t\t\t\t<div class=\"elementor-element elementor-element-7f775ac6 elementor-widget elementor-widget-text-editor\" data-id=\"7f775ac6\" data-element_type=\"widget\" data-e-type=\"widget\" data-widget_type=\"text-editor.default\">\n\t\t\t\t\t\t\t\t\t<p>Otkrijte eksluzivne nekretnine na prodaju koje nudi Budva. Spremili smo temeljan katalog , kako bismo Vam pokazali najbolji kvalitet gradnje, najisplativije lokacije za izdavanje i najlikvidnije nekretnine. Zaka\u017eite besplatne konsultacije jo\u0161 danas.\u00a0 U nastavku mo\u017eete pogledati nekretnine na atraktivnim lokacijama u Budvi.<\/p>\t\t\t\t\t\t\t\t<\/div>\n\t\t\t\t\t<\/div>\n\t\t\t\t<\/div>\n\t\t<div class=\"elementor-element elementor-element-b802d91 loopItem e-flex e-con-boxed e-con e-parent\" data-id=\"b802d91\" data-element_type=\"container\" data-e-type=\"container\">\n\t\t\t\t\t<div class=\"e-con-inner\">\n\t\t<div class=\"elementor-element elementor-element-0221d9e e-con-full e-flex e-con e-child\" data-id=\"0221d9e\" data-element_type=\"container\" data-e-type=\"container\">\n\t\t\t\t<div class=\"elementor-element elementor-element-1e4e667 elementor-grid-3 elementor-grid-tablet-2 elementor-grid-mobile-1 elementor-widget elementor-widget-loop-grid\" data-id=\"1e4e667\" data-element_type=\"widget\" data-e-type=\"widget\" data-settings=\"{&quot;template_id&quot;:&quot;77230&quot;,&quot;pagination_type&quot;:&quot;load_more_on_click&quot;,&quot;row_gap&quot;:{&quot;unit&quot;:&quot;px&quot;,&quot;size&quot;:10,&quot;sizes&quot;:[]},&quot;_skin&quot;:&quot;post&quot;,&quot;columns&quot;:&quot;3&quot;,&quot;columns_tablet&quot;:&quot;2&quot;,&quot;columns_mobile&quot;:&quot;1&quot;,&quot;edit_handle_selector&quot;:&quot;[data-elementor-type=\\&quot;loop-item\\&quot;]&quot;,&quot;load_more_spinner&quot;:{&quot;value&quot;:&quot;fas fa-spinner&quot;,&quot;library&quot;:&quot;fa-solid&quot;},&quot;row_gap_tablet&quot;:{&quot;unit&quot;:&quot;px&quot;,&quot;size&quot;:&quot;&quot;,&quot;sizes&quot;:[]},&quot;row_gap_mobile&quot;:{&quot;unit&quot;:&quot;px&quot;,&quot;size&quot;:&quot;&quot;,&quot;sizes&quot;:[]}}\" data-widget_type=\"loop-grid.post\">\n\t\t\t\t<div class=\"elementor-widget-container\">\n\t\t\t\t\t\t\t<div class=\"e-loop-nothing-found-message\">\n\t\t<\/div>\n\t\t\t\t\t\t<\/div>\n\t\t\t\t<\/div>\n\t\t\t\t<\/div>\n\t\t\t\t\t<\/div>\n\t\t\t\t<\/div>\n\t\t\t\t<section class=\"elementor-section elementor-top-section elementor-element elementor-element-667e9dd4 elementor-section-full_width elementor-section-height-default elementor-section-height-default\" data-id=\"667e9dd4\" data-element_type=\"section\" data-e-type=\"section\" data-settings=\"{&quot;background_background&quot;:&quot;classic&quot;}\">\n\t\t\t\t\t\t<div class=\"elementor-container elementor-column-gap-default\">\n\t\t\t\t\t<div class=\"elementor-column elementor-col-100 elementor-top-column elementor-element elementor-element-2bc05e90\" data-id=\"2bc05e90\" data-element_type=\"column\" data-e-type=\"column\">\n\t\t\t<div class=\"elementor-widget-wrap elementor-element-populated\">\n\t\t\t\t\t\t<div class=\"elementor-element elementor-element-437a17e4 elementor-widget elementor-widget-html\" data-id=\"437a17e4\" data-element_type=\"widget\" data-e-type=\"widget\" data-widget_type=\"html.default\">\n\t\t\t\t\t<script>\n    \/\/ Select all ul elements\nlet ulElements = document.querySelectorAll('.elementor-icon-list-items');\nulElements.forEach(ul => {\n    \/\/ Select li elements with the class \"elementor-icon-list-item\" within this ul\n    let liElements = ul.querySelectorAll('.elementor-icon-list-item');\n    \/\/ Check if there are exactly 4 li elements to verify\n    if (liElements.length === 4) {\n        \/\/ Get the last and the second last li elements\n        let lastLi = liElements[liElements.length - 1];\n        let secondLastLi = liElements[liElements.length - 2];\n        \/\/ Check if the second last li is empty\n        if (secondLastLi.textContent.trim() !== \"\" && secondLastLi.textContent.trim() !== \"0 m2\") {\n            \/\/ If the second last li is not empty, hide the last li\n            lastLi.style.display = 'none';\n        } else {\n            \/\/ If the second last li is empty, check the last li\n            if (lastLi.textContent.trim() !== \"\" && lastLi.textContent.trim() !== \"0 m2\") {\n                \/\/ If the last li is not empty, hide the second last li\n                secondLastLi.style.display = 'none';\n            } else {\n                \/\/ If the last li is empty, hide the last li\n                lastLi.style.display = 'none';\n            }\n        }\n    }\n});\n<\/script>\t\t\t\t<\/div>\n\t\t\t\t<div class=\"elementor-element elementor-element-4d50d3c8 elementor-widget elementor-widget-html\" data-id=\"4d50d3c8\" data-element_type=\"widget\" data-e-type=\"widget\" data-widget_type=\"html.default\">\n\t\t\t\t\t<script>\n    document.addEventListener('DOMContentLoaded', function () {\n    \/\/ Selektovanje svih elemenata sa klasom .prodaja\n    const prodajaElements = document.querySelectorAll('.prodaja');\n\n    \/\/ Prolazak kroz svaki element\n    prodajaElements.forEach(function (element) {\n        \/\/ Provera da li sadr\u017ei tekst \"prodato\" ili \"izdato\"\n        if (element.textContent.includes('PRODATO') || element.textContent.includes('IZDATO')) {\n            \/\/ Promena pozadine na plavu sa !important\n            element.style.setProperty('background-color', '#173058', 'important');\n        }\n    });\n});\n<\/script>\t\t\t\t<\/div>\n\t\t\t\t<div class=\"elementor-element elementor-element-194050e9 elementor-widget elementor-widget-heading\" data-id=\"194050e9\" data-element_type=\"widget\" data-e-type=\"widget\" data-widget_type=\"heading.default\">\n\t\t\t\t\t<h2 class=\"elementor-heading-title elementor-size-default\">\u017delite da budete u toku sa novim nekretninama?<\/h2>\t\t\t\t<\/div>\n\t\t\t\t<div class=\"elementor-element elementor-element-7bbb6605 elementor-widget elementor-widget-text-editor\" data-id=\"7bbb6605\" data-element_type=\"widget\" data-e-type=\"widget\" data-widget_type=\"text-editor.default\">\n\t\t\t\t\t\t\t\t\t<p>PRIJAVITE SE NA NA\u0160 NEWSLETTER<\/p>\t\t\t\t\t\t\t\t<\/div>\n\t\t\t\t<div class=\"elementor-element elementor-element-36bfae4e elementor-button-align-start elementor-mobile-button-align-stretch elementor-widget elementor-widget-form\" data-id=\"36bfae4e\" data-element_type=\"widget\" data-e-type=\"widget\" data-settings=\"{&quot;step_next_label&quot;:&quot;Next&quot;,&quot;step_previous_label&quot;:&quot;Previous&quot;,&quot;button_width&quot;:&quot;100&quot;,&quot;step_type&quot;:&quot;number_text&quot;,&quot;step_icon_shape&quot;:&quot;circle&quot;}\" data-widget_type=\"form.default\">\n\t\t\t\t\t\t\t<form class=\"elementor-form\" method=\"post\" name=\"New Form\" aria-label=\"New Form\">\n\t\t\t<input type=\"hidden\" name=\"post_id\" value=\"75132\"\/>\n\t\t\t<input type=\"hidden\" name=\"form_id\" value=\"36bfae4e\"\/>\n\t\t\t<input type=\"hidden\" name=\"referer_title\" value=\"Bulevar - Nekretnina.Me\" \/>\n\n\t\t\t\t\t\t\t<input type=\"hidden\" name=\"queried_id\" value=\"75132\"\/>\n\t\t\t\n\t\t\t<div class=\"elementor-form-fields-wrapper elementor-labels-\">\n\t\t\t\t\t\t\t\t<div class=\"elementor-field-type-email elementor-field-group elementor-column elementor-field-group-email elementor-col-100 elementor-sm-100 elementor-field-required\">\n\t\t\t\t\t\t\t\t\t\t\t\t<label for=\"form-field-email\" class=\"elementor-field-label elementor-screen-only\">\n\t\t\t\t\t\t\t\tEmail\t\t\t\t\t\t\t<\/label>\n\t\t\t\t\t\t\t\t\t\t\t\t\t\t<input size=\"1\" type=\"email\" name=\"form_fields[email]\" id=\"form-field-email\" class=\"elementor-field elementor-size-sm  elementor-field-textual\" placeholder=\"Email\" required=\"required\">\n\t\t\t\t\t\t\t\t\t\t\t<\/div>\n\t\t\t\t\t\t\t\t<div class=\"elementor-field-group elementor-column elementor-field-type-submit elementor-col-100 e-form__buttons\">\n\t\t\t\t\t<button class=\"elementor-button elementor-size-sm\" type=\"submit\">\n\t\t\t\t\t\t<span class=\"elementor-button-content-wrapper\">\n\t\t\t\t\t\t\t\t\t\t\t\t\t\t\t\t\t\t\t\t\t\t<span class=\"elementor-button-text\">Prijavi se<\/span>\n\t\t\t\t\t\t\t\t\t\t\t\t\t<\/span>\n\t\t\t\t\t<\/button>\n\t\t\t\t<\/div>\n\t\t\t<\/div>\n\t\t<\/form>\n\t\t\t\t\t\t<\/div>\n\t\t\t\t\t<\/div>\n\t\t<\/div>\n\t\t\t\t\t<\/div>\n\t\t<\/section>\n\t\t\t\t<\/div>\n\t\t","protected":false},"excerpt":{"rendered":"<p>Otkrijte eksluzivne nekretnine na prodaju koje nudi Budva. Spremili smo temeljan katalog , kako bismo Vam pokazali najbolji kvalitet gradnje, najisplativije lokacije za izdavanje i najlikvidnije nekretnine. Zaka\u017eite besplatne konsultacije jo\u0161 danas.\u00a0 U nastavku mo\u017eete pogledati nekretnine na atraktivnim lokacijama u Budvi. \u017delite da budete u toku sa novim nekretninama? PRIJAVITE SE NA NA\u0160 NEWSLETTER<\/p>","protected":false},"author":8,"featured_media":0,"parent":74985,"menu_order":45,"comment_status":"closed","ping_status":"closed","template":"","meta":{"_acf_changed":false,"footnotes":""},"class_list":["post-75132","page","type-page","status-publish","hentry"],"acf":[],"_links":{"self":[{"href":"https:\/\/nekretnina.me\/en\/wp-json\/wp\/v2\/pages\/75132","targetHints":{"allow":["GET"]}}],"collection":[{"href":"https:\/\/nekretnina.me\/en\/wp-json\/wp\/v2\/pages"}],"about":[{"href":"https:\/\/nekretnina.me\/en\/wp-json\/wp\/v2\/types\/page"}],"author":[{"embeddable":true,"href":"https:\/\/nekretnina.me\/en\/wp-json\/wp\/v2\/users\/8"}],"replies":[{"embeddable":true,"href":"https:\/\/nekretnina.me\/en\/wp-json\/wp\/v2\/comments?post=75132"}],"version-history":[{"count":1,"href":"https:\/\/nekretnina.me\/en\/wp-json\/wp\/v2\/pages\/75132\/revisions"}],"predecessor-version":[{"id":86631,"href":"https:\/\/nekretnina.me\/en\/wp-json\/wp\/v2\/pages\/75132\/revisions\/86631"}],"up":[{"embeddable":true,"href":"https:\/\/nekretnina.me\/en\/wp-json\/wp\/v2\/pages\/74985"}],"wp:attachment":[{"href":"https:\/\/nekretnina.me\/en\/wp-json\/wp\/v2\/media?parent=75132"}],"curies":[{"name":"wp","href":"https:\/\/api.w.org\/{rel}","templated":true}]}}