{"id":89148,"date":"2026-02-20T18:13:39","date_gmt":"2026-02-20T18:13:39","guid":{"rendered":"https:\/\/nekretnina.me\/?page_id=89148"},"modified":"2026-02-20T18:15:17","modified_gmt":"2026-02-20T18:15:17","slug":"ulcinj","status":"publish","type":"page","link":"https:\/\/nekretnina.me\/en\/prodaja-nekretnina\/zemljista\/ulcinj\/","title":{"rendered":"Ulcinj"},"content":{"rendered":"\t\t<div data-elementor-type=\"wp-page\" data-elementor-id=\"89148\" class=\"elementor elementor-89148\" data-elementor-post-type=\"page\">\n\t\t\t\t<div class=\"elementor-element elementor-element-28b14acb e-flex e-con-boxed e-con e-parent\" data-id=\"28b14acb\" data-element_type=\"container\" data-e-type=\"container\">\n\t\t\t\t\t<div class=\"e-con-inner\">\n\t\t<div class=\"elementor-element elementor-element-559c72c4 e-con-full e-flex e-con e-child\" data-id=\"559c72c4\" data-element_type=\"container\" data-e-type=\"container\">\n\t\t\t\t<div class=\"elementor-element elementor-element-54b6b3c2 elementor-widget elementor-widget-breadcrumbs\" data-id=\"54b6b3c2\" data-element_type=\"widget\" data-e-type=\"widget\" data-widget_type=\"breadcrumbs.default\">\n\t\t\t\t<div class=\"elementor-widget-container\">\n\t\t\t\t\t<nav aria-label=\"breadcrumbs\" class=\"rank-math-breadcrumb\"><p><span class=\"last\">Nekretnine Crna Gora<\/span><\/p><\/nav>\t\t\t\t<\/div>\n\t\t\t\t<\/div>\n\t\t\t\t<div class=\"elementor-element elementor-element-372c4047 elementor-widget elementor-widget-heading\" data-id=\"372c4047\" data-element_type=\"widget\" data-e-type=\"widget\" data-widget_type=\"heading.default\">\n\t\t\t\t\t<h1 class=\"elementor-heading-title elementor-size-default\">Prodaja zemlji\u0161ta u Ulcinju<\/h1>\t\t\t\t<\/div>\n\t\t\t\t<\/div>\n\t\t\t\t\t<\/div>\n\t\t\t\t<\/div>\n\t\t<div class=\"elementor-element elementor-element-bdf5bcf e-flex e-con-boxed e-con e-parent\" data-id=\"bdf5bcf\" data-element_type=\"container\" data-e-type=\"container\">\n\t\t\t\t\t<div class=\"e-con-inner\">\n\t\t<div class=\"elementor-element elementor-element-8b98616 e-con-full e-flex e-con e-child\" data-id=\"8b98616\" data-element_type=\"container\" data-e-type=\"container\">\n\t\t\t\t<div class=\"elementor-element elementor-element-a531a72 elementor-grid-3 elementor-grid-tablet-2 elementor-grid-mobile-1 elementor-widget elementor-widget-loop-grid\" data-id=\"a531a72\" data-element_type=\"widget\" data-e-type=\"widget\" data-settings=\"{&quot;template_id&quot;:&quot;77230&quot;,&quot;pagination_type&quot;:&quot;load_more_on_click&quot;,&quot;columns&quot;:3,&quot;row_gap&quot;:{&quot;unit&quot;:&quot;px&quot;,&quot;size&quot;:10,&quot;sizes&quot;:[]},&quot;_skin&quot;:&quot;post&quot;,&quot;columns_tablet&quot;:&quot;2&quot;,&quot;columns_mobile&quot;:&quot;1&quot;,&quot;edit_handle_selector&quot;:&quot;[data-elementor-type=\\&quot;loop-item\\&quot;]&quot;,&quot;load_more_spinner&quot;:{&quot;value&quot;:&quot;fas fa-spinner&quot;,&quot;library&quot;:&quot;fa-solid&quot;},&quot;row_gap_tablet&quot;:{&quot;unit&quot;:&quot;px&quot;,&quot;size&quot;:&quot;&quot;,&quot;sizes&quot;:[]},&quot;row_gap_mobile&quot;:{&quot;unit&quot;:&quot;px&quot;,&quot;size&quot;:&quot;&quot;,&quot;sizes&quot;:[]}}\" data-widget_type=\"loop-grid.post\">\n\t\t\t\t<div class=\"elementor-widget-container\">\n\t\t\t\t\t\t\t<div class=\"e-loop-nothing-found-message\">\n\t\t<\/div>\n\t\t\t\t\t\t<\/div>\n\t\t\t\t<\/div>\n\t\t\t\t<div class=\"elementor-element elementor-element-0fdcff9 elementor-widget elementor-widget-google_maps\" data-id=\"0fdcff9\" data-element_type=\"widget\" data-e-type=\"widget\" data-widget_type=\"google_maps.default\">\n\t\t\t\t\t\t\t<div class=\"elementor-custom-embed\">\n\t\t\t<iframe loading=\"lazy\"\n\t\t\t\t\tsrc=\"https:\/\/maps.google.com\/maps?q=Ulcinj%2C%20Montenegro&#038;t=m&#038;z=10&#038;output=embed&#038;iwloc=near\"\n\t\t\t\t\ttitle=\"Ulcinj, Montenegro\"\n\t\t\t\t\taria-label=\"Ulcinj, Montenegro\"\n\t\t\t><\/iframe>\n\t\t<\/div>\n\t\t\t\t\t\t<\/div>\n\t\t\t\t<\/div>\n\t\t\t\t\t<\/div>\n\t\t\t\t<\/div>\n\t\t\t\t<section class=\"elementor-section elementor-top-section elementor-element elementor-element-358aec9a elementor-section-full_width elementor-section-height-default elementor-section-height-default\" data-id=\"358aec9a\" data-element_type=\"section\" data-e-type=\"section\" data-settings=\"{&quot;background_background&quot;:&quot;classic&quot;}\">\n\t\t\t\t\t\t<div class=\"elementor-container elementor-column-gap-default\">\n\t\t\t\t\t<div class=\"elementor-column elementor-col-100 elementor-top-column elementor-element elementor-element-f1d0c49\" data-id=\"f1d0c49\" data-element_type=\"column\" data-e-type=\"column\">\n\t\t\t<div class=\"elementor-widget-wrap elementor-element-populated\">\n\t\t\t\t\t\t<div class=\"elementor-element elementor-element-46e58ada elementor-widget elementor-widget-html\" data-id=\"46e58ada\" data-element_type=\"widget\" data-e-type=\"widget\" data-widget_type=\"html.default\">\n\t\t\t\t\t<script>\n    \/\/ Select all ul elements\nlet ulElements = document.querySelectorAll('.elementor-icon-list-items');\nulElements.forEach(ul => {\n    \/\/ Select li elements with the class \"elementor-icon-list-item\" within this ul\n    let liElements = ul.querySelectorAll('.elementor-icon-list-item');\n    \/\/ Check if there are exactly 4 li elements to verify\n    if (liElements.length === 4) {\n        \/\/ Get the last and the second last li elements\n        let lastLi = liElements[liElements.length - 1];\n        let secondLastLi = liElements[liElements.length - 2];\n        \/\/ Check if the second last li is empty\n        if (secondLastLi.textContent.trim() !== \"\" && secondLastLi.textContent.trim() !== \"0 m2\") {\n            \/\/ If the second last li is not empty, hide the last li\n            lastLi.style.display = 'none';\n        } else {\n            \/\/ If the second last li is empty, check the last li\n            if (lastLi.textContent.trim() !== \"\" && lastLi.textContent.trim() !== \"0 m2\") {\n                \/\/ If the last li is not empty, hide the second last li\n                secondLastLi.style.display = 'none';\n            } else {\n                \/\/ If the last li is empty, hide the last li\n                lastLi.style.display = 'none';\n            }\n        }\n    }\n});\n<\/script>\t\t\t\t<\/div>\n\t\t\t\t<div class=\"elementor-element elementor-element-8c12861 elementor-widget elementor-widget-html\" data-id=\"8c12861\" data-element_type=\"widget\" data-e-type=\"widget\" data-widget_type=\"html.default\">\n\t\t\t\t\t<script>\n    document.addEventListener('DOMContentLoaded', function () {\n    \/\/ Selektovanje svih elemenata sa klasom .prodaja\n    const prodajaElements = document.querySelectorAll('.prodaja');\n\n    \/\/ Prolazak kroz svaki element\n    prodajaElements.forEach(function (element) {\n        \/\/ Provera da li sadr\u017ei tekst \"prodato\" ili \"izdato\"\n        if (element.textContent.includes('PRODATO') || element.textContent.includes('IZDATO')) {\n            \/\/ Promena pozadine na plavu sa !important\n            element.style.setProperty('background-color', '#173058', 'important');\n        }\n    });\n});\njQuery(document).on('jet-filter-content-rendered', function () {\n    \/\/ Select all instances of the pagination\n    const $paginations = jQuery('.elementor-pagination');\n\n    \/\/ Remove all but the first pagination instance\n    if ($paginations.length > 1) {\n        $paginations.slice(1).remove();\n    }\n\n    console.log(\"Extra paginations removed.\");\n});\n\n<\/script>\t\t\t\t<\/div>\n\t\t\t\t<div class=\"elementor-element elementor-element-3f69597f elementor-widget elementor-widget-heading\" data-id=\"3f69597f\" data-element_type=\"widget\" data-e-type=\"widget\" data-widget_type=\"heading.default\">\n\t\t\t\t\t<h2 class=\"elementor-heading-title elementor-size-default\">\u017delite da budete u toku sa novim nekretninama?<\/h2>\t\t\t\t<\/div>\n\t\t\t\t<div class=\"elementor-element elementor-element-4c6613b7 elementor-widget elementor-widget-text-editor\" data-id=\"4c6613b7\" data-element_type=\"widget\" data-e-type=\"widget\" data-widget_type=\"text-editor.default\">\n\t\t\t\t\t\t\t\t\t<p>PRIJAVITE SE NA NA\u0160 NEWSLETTER<\/p>\t\t\t\t\t\t\t\t<\/div>\n\t\t\t\t<div class=\"elementor-element elementor-element-34290932 elementor-button-align-start elementor-mobile-button-align-stretch elementor-widget elementor-widget-form\" data-id=\"34290932\" data-element_type=\"widget\" data-e-type=\"widget\" data-settings=\"{&quot;step_next_label&quot;:&quot;Next&quot;,&quot;step_previous_label&quot;:&quot;Previous&quot;,&quot;button_width&quot;:&quot;100&quot;,&quot;step_type&quot;:&quot;number_text&quot;,&quot;step_icon_shape&quot;:&quot;circle&quot;}\" data-widget_type=\"form.default\">\n\t\t\t\t\t\t\t<form class=\"elementor-form\" method=\"post\" name=\"New Form\" aria-label=\"New Form\">\n\t\t\t<input type=\"hidden\" name=\"post_id\" value=\"89148\"\/>\n\t\t\t<input type=\"hidden\" name=\"form_id\" value=\"34290932\"\/>\n\t\t\t<input type=\"hidden\" name=\"referer_title\" value=\"Prodaja zemlji\u0161ta Ulcinj - Nekretnina.Me\" \/>\n\n\t\t\t\t\t\t\t<input type=\"hidden\" name=\"queried_id\" value=\"89148\"\/>\n\t\t\t\n\t\t\t<div class=\"elementor-form-fields-wrapper elementor-labels-\">\n\t\t\t\t\t\t\t\t<div class=\"elementor-field-type-email elementor-field-group elementor-column elementor-field-group-email elementor-col-100 elementor-sm-100 elementor-field-required\">\n\t\t\t\t\t\t\t\t\t\t\t\t<label for=\"form-field-email\" class=\"elementor-field-label elementor-screen-only\">\n\t\t\t\t\t\t\t\tEmail\t\t\t\t\t\t\t<\/label>\n\t\t\t\t\t\t\t\t\t\t\t\t\t\t<input size=\"1\" type=\"email\" name=\"form_fields[email]\" id=\"form-field-email\" class=\"elementor-field elementor-size-sm  elementor-field-textual\" placeholder=\"Email\" required=\"required\">\n\t\t\t\t\t\t\t\t\t\t\t<\/div>\n\t\t\t\t\t\t\t\t<div class=\"elementor-field-group elementor-column elementor-field-type-submit elementor-col-100 e-form__buttons\">\n\t\t\t\t\t<button class=\"elementor-button elementor-size-sm\" type=\"submit\">\n\t\t\t\t\t\t<span class=\"elementor-button-content-wrapper\">\n\t\t\t\t\t\t\t\t\t\t\t\t\t\t\t\t\t\t\t\t\t\t<span class=\"elementor-button-text\">Prijavi se<\/span>\n\t\t\t\t\t\t\t\t\t\t\t\t\t<\/span>\n\t\t\t\t\t<\/button>\n\t\t\t\t<\/div>\n\t\t\t<\/div>\n\t\t<\/form>\n\t\t\t\t\t\t<\/div>\n\t\t\t\t\t<\/div>\n\t\t<\/div>\n\t\t\t\t\t<\/div>\n\t\t<\/section>\n\t\t\t\t<\/div>\n\t\t","protected":false},"excerpt":{"rendered":"<p>Nekretnine Crna Gora Prodaja zemlji\u0161ta u Ulcinju \u017delite da budete u toku sa novim nekretninama? PRIJAVITE SE NA NA\u0160 NEWSLETTER<\/p>","protected":false},"author":21,"featured_media":0,"parent":75607,"menu_order":35,"comment_status":"closed","ping_status":"closed","template":"","meta":{"_acf_changed":false,"footnotes":""},"class_list":["post-89148","page","type-page","status-publish","hentry"],"acf":[],"_links":{"self":[{"href":"https:\/\/nekretnina.me\/en\/wp-json\/wp\/v2\/pages\/89148","targetHints":{"allow":["GET"]}}],"collection":[{"href":"https:\/\/nekretnina.me\/en\/wp-json\/wp\/v2\/pages"}],"about":[{"href":"https:\/\/nekretnina.me\/en\/wp-json\/wp\/v2\/types\/page"}],"author":[{"embeddable":true,"href":"https:\/\/nekretnina.me\/en\/wp-json\/wp\/v2\/users\/21"}],"replies":[{"embeddable":true,"href":"https:\/\/nekretnina.me\/en\/wp-json\/wp\/v2\/comments?post=89148"}],"version-history":[{"count":5,"href":"https:\/\/nekretnina.me\/en\/wp-json\/wp\/v2\/pages\/89148\/revisions"}],"predecessor-version":[{"id":89153,"href":"https:\/\/nekretnina.me\/en\/wp-json\/wp\/v2\/pages\/89148\/revisions\/89153"}],"up":[{"embeddable":true,"href":"https:\/\/nekretnina.me\/en\/wp-json\/wp\/v2\/pages\/75607"}],"wp:attachment":[{"href":"https:\/\/nekretnina.me\/en\/wp-json\/wp\/v2\/media?parent=89148"}],"curies":[{"name":"wp","href":"https:\/\/api.w.org\/{rel}","templated":true}]}}