{"id":75661,"date":"2025-01-25T13:40:36","date_gmt":"2025-01-25T13:40:36","guid":{"rendered":"https:\/\/nekretnina.me\/?page_id=75661"},"modified":"2025-12-16T21:43:23","modified_gmt":"2025-12-16T21:43:23","slug":"%d0%ba%d0%be%d0%bb%d0%b0%d1%88%d0%b8%d0%bd","status":"publish","type":"page","link":"https:\/\/nekretnina.me\/ru\/prodaja-nekretnina\/zemljista\/kolasin\/","title":{"rendered":"\u041a\u043e\u043b\u0430\u0448\u0438\u043d"},"content":{"rendered":"\t\t<div data-elementor-type=\"wp-page\" data-elementor-id=\"75661\" class=\"elementor elementor-75661\" data-elementor-post-type=\"page\">\n\t\t\t\t<div class=\"elementor-element elementor-element-78b10c2f e-flex e-con-boxed e-con e-parent\" data-id=\"78b10c2f\" data-element_type=\"container\" data-e-type=\"container\">\n\t\t\t\t\t<div class=\"e-con-inner\">\n\t\t<div class=\"elementor-element elementor-element-4c2a6958 e-con-full e-flex e-con e-child\" data-id=\"4c2a6958\" data-element_type=\"container\" data-e-type=\"container\">\n\t\t\t\t<div class=\"elementor-element elementor-element-2fbf1848 elementor-widget elementor-widget-breadcrumbs\" data-id=\"2fbf1848\" data-element_type=\"widget\" data-e-type=\"widget\" data-widget_type=\"breadcrumbs.default\">\n\t\t\t\t<div class=\"elementor-widget-container\">\n\t\t\t\t\t<nav aria-label=\"breadcrumbs\" class=\"rank-math-breadcrumb\"><p><span class=\"last\">Nekretnine Crna Gora<\/span><\/p><\/nav>\t\t\t\t<\/div>\n\t\t\t\t<\/div>\n\t\t\t\t<div class=\"elementor-element elementor-element-176837d elementor-widget elementor-widget-heading\" data-id=\"176837d\" data-element_type=\"widget\" data-e-type=\"widget\" data-widget_type=\"heading.default\">\n\t\t\t\t\t<h1 class=\"elementor-heading-title elementor-size-default\">Prodaja nekretnina u Crnoj Gori - prodaja zemlji\u0161ta Kola\u0161in<\/h1>\t\t\t\t<\/div>\n\t\t\t\t<div class=\"elementor-element elementor-element-f89b975 elementor-widget elementor-widget-google_maps\" data-id=\"f89b975\" data-element_type=\"widget\" data-e-type=\"widget\" data-widget_type=\"google_maps.default\">\n\t\t\t\t\t\t\t<div class=\"elementor-custom-embed\">\n\t\t\t<iframe loading=\"lazy\"\n\t\t\t\t\tsrc=\"https:\/\/maps.google.com\/maps?q=Kola%C5%A1in%2C%20Montenegro&#038;t=m&#038;z=15&#038;output=embed&#038;iwloc=near\"\n\t\t\t\t\ttitle=\"Kola\u0161in, Montenegro\"\n\t\t\t\t\taria-label=\"Kola\u0161in, Montenegro\"\n\t\t\t><\/iframe>\n\t\t<\/div>\n\t\t\t\t\t\t<\/div>\n\t\t\t\t<\/div>\n\t\t\t\t\t<\/div>\n\t\t\t\t<\/div>\n\t\t<div class=\"elementor-element elementor-element-407a174 e-flex e-con-boxed e-con e-parent\" data-id=\"407a174\" data-element_type=\"container\" data-e-type=\"container\">\n\t\t\t\t\t<div class=\"e-con-inner\">\n\t\t<div class=\"elementor-element elementor-element-79f2fdf e-con-full e-flex e-con e-child\" data-id=\"79f2fdf\" data-element_type=\"container\" data-e-type=\"container\">\n\t\t\t\t<div class=\"elementor-element elementor-element-c7c64df elementor-grid-3 elementor-grid-tablet-2 elementor-grid-mobile-1 elementor-widget elementor-widget-loop-grid\" data-id=\"c7c64df\" data-element_type=\"widget\" data-e-type=\"widget\" data-settings=\"{&quot;template_id&quot;:&quot;77230&quot;,&quot;pagination_type&quot;:&quot;load_more_on_click&quot;,&quot;columns&quot;:3,&quot;row_gap&quot;:{&quot;unit&quot;:&quot;px&quot;,&quot;size&quot;:10,&quot;sizes&quot;:[]},&quot;_skin&quot;:&quot;post&quot;,&quot;columns_tablet&quot;:&quot;2&quot;,&quot;columns_mobile&quot;:&quot;1&quot;,&quot;edit_handle_selector&quot;:&quot;[data-elementor-type=\\&quot;loop-item\\&quot;]&quot;,&quot;load_more_spinner&quot;:{&quot;value&quot;:&quot;fas fa-spinner&quot;,&quot;library&quot;:&quot;fa-solid&quot;},&quot;row_gap_tablet&quot;:{&quot;unit&quot;:&quot;px&quot;,&quot;size&quot;:&quot;&quot;,&quot;sizes&quot;:[]},&quot;row_gap_mobile&quot;:{&quot;unit&quot;:&quot;px&quot;,&quot;size&quot;:&quot;&quot;,&quot;sizes&quot;:[]}}\" data-widget_type=\"loop-grid.post\">\n\t\t\t\t<div class=\"elementor-widget-container\">\n\t\t\t\t\t\t\t<div class=\"e-loop-nothing-found-message\">\n\t\t<\/div>\n\t\t\t\t\t\t<\/div>\n\t\t\t\t<\/div>\n\t\t\t\t<\/div>\n\t\t\t\t\t<\/div>\n\t\t\t\t<\/div>\n\t\t\t\t<section class=\"elementor-section elementor-top-section elementor-element elementor-element-59403e93 elementor-section-full_width elementor-section-height-default elementor-section-height-default\" data-id=\"59403e93\" data-element_type=\"section\" data-e-type=\"section\" data-settings=\"{&quot;background_background&quot;:&quot;classic&quot;}\">\n\t\t\t\t\t\t<div class=\"elementor-container elementor-column-gap-default\">\n\t\t\t\t\t<div class=\"elementor-column elementor-col-100 elementor-top-column elementor-element elementor-element-76aa442d\" data-id=\"76aa442d\" data-element_type=\"column\" data-e-type=\"column\">\n\t\t\t<div class=\"elementor-widget-wrap elementor-element-populated\">\n\t\t\t\t\t\t<div class=\"elementor-element elementor-element-644e46c4 elementor-widget elementor-widget-html\" data-id=\"644e46c4\" data-element_type=\"widget\" data-e-type=\"widget\" data-widget_type=\"html.default\">\n\t\t\t\t\t<script>\n    \/\/ Select all ul elements\nlet ulElements = document.querySelectorAll('.elementor-icon-list-items');\nulElements.forEach(ul => {\n    \/\/ Select li elements with the class \"elementor-icon-list-item\" within this ul\n    let liElements = ul.querySelectorAll('.elementor-icon-list-item');\n    \/\/ Check if there are exactly 4 li elements to verify\n    if (liElements.length === 4) {\n        \/\/ Get the last and the second last li elements\n        let lastLi = liElements[liElements.length - 1];\n        let secondLastLi = liElements[liElements.length - 2];\n        \/\/ Check if the second last li is empty\n        if (secondLastLi.textContent.trim() !== \"\" && secondLastLi.textContent.trim() !== \"0 m2\") {\n            \/\/ If the second last li is not empty, hide the last li\n            lastLi.style.display = 'none';\n        } else {\n            \/\/ If the second last li is empty, check the last li\n            if (lastLi.textContent.trim() !== \"\" && lastLi.textContent.trim() !== \"0 m2\") {\n                \/\/ If the last li is not empty, hide the second last li\n                secondLastLi.style.display = 'none';\n            } else {\n                \/\/ If the last li is empty, hide the last li\n                lastLi.style.display = 'none';\n            }\n        }\n    }\n});\n<\/script>\t\t\t\t<\/div>\n\t\t\t\t<div class=\"elementor-element elementor-element-24fd5045 elementor-widget elementor-widget-html\" data-id=\"24fd5045\" data-element_type=\"widget\" data-e-type=\"widget\" data-widget_type=\"html.default\">\n\t\t\t\t\t<script>\n    document.addEventListener('DOMContentLoaded', function () {\n    \/\/ Selektovanje svih elemenata sa klasom .prodaja\n    const prodajaElements = document.querySelectorAll('.prodaja');\n\n    \/\/ Prolazak kroz svaki element\n    prodajaElements.forEach(function (element) {\n        \/\/ Provera da li sadr\u017ei tekst \"prodato\" ili \"izdato\"\n        if (element.textContent.includes('PRODATO') || element.textContent.includes('IZDATO')) {\n            \/\/ Promena pozadine na plavu sa !important\n            element.style.setProperty('background-color', '#173058', 'important');\n        }\n    });\n});\njQuery(document).on('jet-filter-content-rendered', function () {\n    \/\/ Select all instances of the pagination\n    const $paginations = jQuery('.elementor-pagination');\n\n    \/\/ Remove all but the first pagination instance\n    if ($paginations.length > 1) {\n        $paginations.slice(1).remove();\n    }\n\n    console.log(\"Extra paginations removed.\");\n});\n\n<\/script>\t\t\t\t<\/div>\n\t\t\t\t<div class=\"elementor-element elementor-element-4054411a elementor-widget elementor-widget-heading\" data-id=\"4054411a\" data-element_type=\"widget\" data-e-type=\"widget\" data-widget_type=\"heading.default\">\n\t\t\t\t\t<h2 class=\"elementor-heading-title elementor-size-default\">\u017delite da budete u toku sa novim nekretninama?<\/h2>\t\t\t\t<\/div>\n\t\t\t\t<div class=\"elementor-element elementor-element-7e5abb8f elementor-widget elementor-widget-text-editor\" data-id=\"7e5abb8f\" data-element_type=\"widget\" data-e-type=\"widget\" data-widget_type=\"text-editor.default\">\n\t\t\t\t\t\t\t\t\t<p>PRIJAVITE SE NA NA\u0160 NEWSLETTER<\/p>\t\t\t\t\t\t\t\t<\/div>\n\t\t\t\t<div class=\"elementor-element elementor-element-47e6057e elementor-button-align-start elementor-mobile-button-align-stretch elementor-widget elementor-widget-form\" data-id=\"47e6057e\" data-element_type=\"widget\" data-e-type=\"widget\" data-settings=\"{&quot;step_next_label&quot;:&quot;Next&quot;,&quot;step_previous_label&quot;:&quot;Previous&quot;,&quot;button_width&quot;:&quot;100&quot;,&quot;step_type&quot;:&quot;number_text&quot;,&quot;step_icon_shape&quot;:&quot;circle&quot;}\" data-widget_type=\"form.default\">\n\t\t\t\t\t\t\t<form class=\"elementor-form\" method=\"post\" name=\"New Form\" aria-label=\"New Form\">\n\t\t\t<input type=\"hidden\" name=\"post_id\" value=\"75661\"\/>\n\t\t\t<input type=\"hidden\" name=\"form_id\" value=\"47e6057e\"\/>\n\t\t\t<input type=\"hidden\" name=\"referer_title\" value=\"Kola\u0161in - Nekretnina.Me\" \/>\n\n\t\t\t\t\t\t\t<input type=\"hidden\" name=\"queried_id\" value=\"75661\"\/>\n\t\t\t\n\t\t\t<div class=\"elementor-form-fields-wrapper elementor-labels-\">\n\t\t\t\t\t\t\t\t<div class=\"elementor-field-type-email elementor-field-group elementor-column elementor-field-group-email elementor-col-100 elementor-sm-100 elementor-field-required\">\n\t\t\t\t\t\t\t\t\t\t\t\t<label for=\"form-field-email\" class=\"elementor-field-label elementor-screen-only\">\n\t\t\t\t\t\t\t\tEmail\t\t\t\t\t\t\t<\/label>\n\t\t\t\t\t\t\t\t\t\t\t\t\t\t<input size=\"1\" type=\"email\" name=\"form_fields[email]\" id=\"form-field-email\" class=\"elementor-field elementor-size-sm  elementor-field-textual\" placeholder=\"Email\" required=\"required\">\n\t\t\t\t\t\t\t\t\t\t\t<\/div>\n\t\t\t\t\t\t\t\t<div class=\"elementor-field-group elementor-column elementor-field-type-submit elementor-col-100 e-form__buttons\">\n\t\t\t\t\t<button class=\"elementor-button elementor-size-sm\" type=\"submit\">\n\t\t\t\t\t\t<span class=\"elementor-button-content-wrapper\">\n\t\t\t\t\t\t\t\t\t\t\t\t\t\t\t\t\t\t\t\t\t\t<span class=\"elementor-button-text\">Prijavi se<\/span>\n\t\t\t\t\t\t\t\t\t\t\t\t\t<\/span>\n\t\t\t\t\t<\/button>\n\t\t\t\t<\/div>\n\t\t\t<\/div>\n\t\t<\/form>\n\t\t\t\t\t\t<\/div>\n\t\t\t\t\t<\/div>\n\t\t<\/div>\n\t\t\t\t\t<\/div>\n\t\t<\/section>\n\t\t\t\t<\/div>\n\t\t","protected":false},"excerpt":{"rendered":"<p>Nekretnine Crna Gora Prodaja nekretnina u Crnoj Gori &#8211; prodaja zemlji\u0161ta Kola\u0161in \u017delite da budete u toku sa novim nekretninama? PRIJAVITE SE NA NA\u0160 NEWSLETTER<\/p>","protected":false},"author":8,"featured_media":0,"parent":75607,"menu_order":38,"comment_status":"closed","ping_status":"closed","template":"","meta":{"_acf_changed":false,"footnotes":""},"class_list":["post-75661","page","type-page","status-publish","hentry"],"acf":[],"_links":{"self":[{"href":"https:\/\/nekretnina.me\/ru\/wp-json\/wp\/v2\/pages\/75661","targetHints":{"allow":["GET"]}}],"collection":[{"href":"https:\/\/nekretnina.me\/ru\/wp-json\/wp\/v2\/pages"}],"about":[{"href":"https:\/\/nekretnina.me\/ru\/wp-json\/wp\/v2\/types\/page"}],"author":[{"embeddable":true,"href":"https:\/\/nekretnina.me\/ru\/wp-json\/wp\/v2\/users\/8"}],"replies":[{"embeddable":true,"href":"https:\/\/nekretnina.me\/ru\/wp-json\/wp\/v2\/comments?post=75661"}],"version-history":[{"count":3,"href":"https:\/\/nekretnina.me\/ru\/wp-json\/wp\/v2\/pages\/75661\/revisions"}],"predecessor-version":[{"id":86806,"href":"https:\/\/nekretnina.me\/ru\/wp-json\/wp\/v2\/pages\/75661\/revisions\/86806"}],"up":[{"embeddable":true,"href":"https:\/\/nekretnina.me\/ru\/wp-json\/wp\/v2\/pages\/75607"}],"wp:attachment":[{"href":"https:\/\/nekretnina.me\/ru\/wp-json\/wp\/v2\/media?parent=75661"}],"curies":[{"name":"WP","href":"https:\/\/api.w.org\/{rel}","templated":true}]}}